{"id":1680,"date":"2019-11-12T14:25:26","date_gmt":"2019-11-12T13:25:26","guid":{"rendered":"https:\/\/duovet.shop\/versand__lieferung\/"},"modified":"2025-09-25T15:24:05","modified_gmt":"2025-09-25T13:24:05","slug":"shipping-delivery","status":"publish","type":"page","link":"https:\/\/duovet.shop\/en\/shipping-delivery\/","title":{"rendered":"Shipping &#038; Delivery"},"content":{"rendered":"<p>[et_pb_section fb_built=&#8221;1&#8243; _builder_version=&#8221;4.16&#8243; global_colors_info=&#8221;{}&#8221;][et_pb_row _builder_version=&#8221;4.16&#8243; background_size=&#8221;initial&#8221; background_position=&#8221;top_left&#8221; background_repeat=&#8221;repeat&#8221; global_colors_info=&#8221;{}&#8221;][et_pb_column type=&#8221;4_4&#8243; _builder_version=&#8221;4.16&#8243; custom_padding=&#8221;|||&#8221; global_colors_info=&#8221;{}&#8221; custom_padding__hover=&#8221;|||&#8221;][et_pb_text _builder_version=&#8221;4.27.4&#8243; background_size=&#8221;initial&#8221; background_position=&#8221;top_left&#8221; background_repeat=&#8221;repeat&#8221; hover_enabled=&#8221;0&#8243; global_colors_info=&#8221;{}&#8221; sticky_enabled=&#8221;0&#8243;]<\/p>\n<p><strong>Prices, shipping costs and delivery information<\/strong><\/p>\n<p>We deliver to the following countries:<\/p>\n<table style=\"height: 598px;\">\n<thead>\n<tr style=\"height: 23px;\">\n<th style=\"height: 23px; width: 152.516px;\">\u00a0<\/th>\n<th style=\"height: 23px; width: 163.297px;\">Standard shipping costs<\/th>\n<\/tr>\n<\/thead>\n<tbody>\n<tr style=\"height: 23px;\">\n<td style=\"height: 23px; width: 152.516px;\">Austria<\/td>\n<td style=\"height: 23px; width: 163.297px;\">14,25 \u20ac<\/td>\n<\/tr>\n<tr>\n<td style=\"width: 152.516px;\">Belarus<\/td>\n<td style=\"width: 163.297px;\">18,40 \u20ac<\/td>\n<\/tr>\n<tr style=\"height: 23px;\">\n<td style=\"height: 23px; width: 152.516px;\">Belgium<\/td>\n<td style=\"height: 23px; width: 163.297px;\">14,25 \u20ac<\/td>\n<\/tr>\n<tr style=\"height: 23px;\">\n<td style=\"height: 23px; width: 152.516px;\">Bosnia and Herzegovina<\/td>\n<td style=\"height: 23px; width: 163.297px;\">18,40 \u20ac<\/td>\n<\/tr>\n<tr style=\"height: 23px;\">\n<td style=\"height: 23px; width: 152.516px;\">Bulgaria<\/td>\n<td style=\"height: 23px; width: 163.297px;\">14,60 \u20ac<\/td>\n<\/tr>\n<tr>\n<td style=\"width: 152.516px;\">China<\/td>\n<td style=\"width: 163.297px;\">37,80 \u20ac<\/td>\n<\/tr>\n<tr style=\"height: 23px;\">\n<td style=\"height: 23px; width: 152.516px;\">Croatia<\/td>\n<td style=\"height: 23px; width: 163.297px;\">14,60 \u20ac<\/td>\n<\/tr>\n<tr>\n<td style=\"width: 152.516px;\">Czech republic<\/td>\n<td style=\"width: 163.297px;\">14,25 \u20ac<\/td>\n<\/tr>\n<tr>\n<td style=\"width: 152.516px;\">Cyprus<\/td>\n<td style=\"width: 163.297px;\">14,60 \u20ac<\/td>\n<\/tr>\n<tr style=\"height: 23px;\">\n<td style=\"height: 23px; width: 152.516px;\">Denmark<\/td>\n<td style=\"height: 23px; width: 163.297px;\">14,25 \u20ac<\/td>\n<\/tr>\n<tr style=\"height: 23px;\">\n<td style=\"width: 152.516px; height: 23px;\">Finland<\/td>\n<td style=\"width: 163.297px; height: 23px;\">14,60 \u20ac<\/td>\n<\/tr>\n<tr style=\"height: 23px;\">\n<td style=\"width: 152.516px; height: 23px;\">France<\/td>\n<td style=\"width: 163.297px; height: 23px;\">14,25 \u20ac<\/td>\n<\/tr>\n<tr style=\"height: 23px;\">\n<td style=\"height: 23px; width: 152.516px;\">Germany<\/td>\n<td style=\"height: 23px; width: 163.297px;\">0,00 \u20ac<\/td>\n<\/tr>\n<tr style=\"height: 23px;\">\n<td style=\"height: 23px; width: 152.516px;\">Greece<\/td>\n<td style=\"height: 23px; width: 163.297px;\">14,60 \u20ac<\/td>\n<\/tr>\n<tr style=\"height: 23px;\">\n<td style=\"width: 152.516px; height: 23px;\">Hungary<\/td>\n<td style=\"width: 163.297px; height: 23px;\">14,40 \u20ac<\/td>\n<\/tr>\n<tr style=\"height: 23px;\">\n<td style=\"width: 152.516px; height: 23px;\">Iceland<\/td>\n<td style=\"width: 163.297px; height: 23px;\">18,40 \u20ac<\/td>\n<\/tr>\n<tr>\n<td style=\"width: 152.516px;\">Ireland<\/td>\n<td style=\"width: 163.297px;\">14,60 \u20ac<\/td>\n<\/tr>\n<tr style=\"height: 23px;\">\n<td style=\"width: 152.516px; height: 23px;\">Italy<\/td>\n<td style=\"width: 163.297px; height: 23px;\">14,40 \u20ac<\/td>\n<\/tr>\n<tr>\n<td style=\"width: 152.516px;\">Japan<\/td>\n<td style=\"width: 163.297px;\">37,80 \u20ac<\/td>\n<\/tr>\n<tr style=\"height: 23px;\">\n<td style=\"height: 23px; width: 152.516px;\">Latvia<\/td>\n<td style=\"height: 23px; width: 163.297px;\">14,60 \u20ac<\/td>\n<\/tr>\n<tr style=\"height: 23px;\">\n<td style=\"width: 152.516px; height: 23px;\">Lichtenstein<\/td>\n<td style=\"width: 163.297px; height: 23px;\">18,60 \u20ac<\/td>\n<\/tr>\n<tr>\n<td style=\"width: 152.516px;\">Lithuania<\/td>\n<td style=\"width: 163.297px;\">14,60 \u20ac<\/td>\n<\/tr>\n<tr style=\"height: 23px;\">\n<td style=\"height: 23px; width: 152.516px;\">Luxembourg<\/td>\n<td style=\"height: 23px; width: 163.297px;\">14,25 \u20ac<\/td>\n<\/tr>\n<tr>\n<td style=\"width: 152.516px;\">Moldavia<\/td>\n<td style=\"width: 163.297px;\">18,40 \u20ac<\/td>\n<\/tr>\n<tr style=\"height: 23px;\">\n<td style=\"height: 23px; width: 152.516px;\">Netherlands<\/td>\n<td style=\"height: 23px; width: 163.297px;\">14,25 \u20ac<\/td>\n<\/tr>\n<tr style=\"height: 23px;\">\n<td style=\"height: 23px; width: 152.516px;\">Norway<\/td>\n<td style=\"height: 23px; width: 163.297px;\">18,40 \u20ac<\/td>\n<\/tr>\n<tr style=\"height: 23px;\">\n<td style=\"width: 152.516px; height: 23px;\">Poland<\/td>\n<td style=\"width: 163.297px; height: 23px;\">14,25 \u20ac<\/td>\n<\/tr>\n<tr style=\"height: 23px;\">\n<td style=\"height: 23px; width: 152.516px;\">Portugal<\/td>\n<td style=\"height: 23px; width: 163.297px;\">14,60 \u20ac<\/td>\n<\/tr>\n<tr style=\"height: 23px;\">\n<td style=\"height: 23px; width: 152.516px;\">Romania<\/td>\n<td style=\"height: 23px; width: 163.297px;\">14,60 \u20ac<\/td>\n<\/tr>\n<tr style=\"height: 23px;\">\n<td style=\"height: 23px; width: 152.516px;\">Serbia and Montenegro<\/td>\n<td style=\"height: 23px; width: 163.297px;\">18,40 \u20ac<\/td>\n<\/tr>\n<tr>\n<td style=\"width: 152.516px;\">Slovakia<\/td>\n<td style=\"width: 163.297px;\">14,40 \u20ac<\/td>\n<\/tr>\n<tr style=\"height: 23px;\">\n<td style=\"width: 152.516px; height: 23px;\">Slovenia<\/td>\n<td style=\"width: 163.297px; height: 23px;\">14,40 \u20ac<\/td>\n<\/tr>\n<tr>\n<td style=\"width: 152.516px;\">South Korea<\/td>\n<td style=\"width: 163.297px;\">37,80 \u20ac<\/td>\n<\/tr>\n<tr>\n<td style=\"width: 152.516px;\">Sweden<\/td>\n<td style=\"width: 163.297px;\">14,40 \u20ac<\/td>\n<\/tr>\n<tr style=\"height: 23px;\">\n<td style=\"width: 152.516px; height: 23px;\">Spain<\/td>\n<td style=\"width: 163.297px; height: 23px;\">14,40 \u20ac<\/td>\n<\/tr>\n<tr>\n<td style=\"width: 152.516px;\">Ukraine<\/td>\n<td style=\"width: 163.297px;\">18,40 \u20ac<\/td>\n<\/tr>\n<tr>\n<td style=\"width: 152.516px;\">United Kingdom<\/td>\n<td style=\"width: 163.297px;\">18,60 \u20ac<\/td>\n<\/tr>\n<tr>\n<td style=\"width: 152.516px;\">United States<\/td>\n<td style=\"width: 163.297px;\">Price on request<\/td>\n<\/tr>\n<tr style=\"height: 23px;\">\n<td style=\"height: 23px; width: 152.516px;\">Switzerland<\/td>\n<td style=\"height: 23px; width: 163.297px;\">18,60 \u20ac<\/td>\n<\/tr>\n<\/tbody>\n<\/table>\n<p>The shipping costs will be clearly indicated again in the shopping cart system and on the order page. The respective shipping costs per country plus VAT will be charged.<\/p>\n<p>[\/et_pb_text][\/et_pb_column][\/et_pb_row][\/et_pb_section]<\/p>\n","protected":false},"excerpt":{"rendered":"<p>Prices, shipping costs and delivery information We deliver to the following countries: \u00a0 Standard shipping costs Austria 14,25 \u20ac Belarus 18,40 \u20ac Belgium 14,25 \u20ac Bosnia and Herzegovina 18,40 \u20ac Bulgaria 14,60 \u20ac China 37,80 \u20ac Croatia 14,60 \u20ac Czech republic 14,25 \u20ac Cyprus 14,60 \u20ac Denmark 14,25 \u20ac Finland 14,60 \u20ac France 14,25 \u20ac [&hellip;]<\/p>\n","protected":false},"author":3,"featured_media":0,"parent":0,"menu_order":0,"comment_status":"closed","ping_status":"closed","template":"","meta":{"_et_pb_use_builder":"on","_et_pb_old_content":"<strong>Haftungshinweis: Das nachstehende Muster ist von einem Rechtsanwalt (<a href=\"https:\/\/drschwenke.de\" rel=\"nofollow\">https:\/\/drschwenke.de<\/a>) entsprechend den typischen Anforderungen eines Onlineshops erstellt worden.\u00a0Jedoch sollten Sie das Muster nur\u00a0nach sorgf\u00e4ltiger Pr\u00fcfung und Anpassung auf Ihr konkretes Gesch\u00e4ftsmodell verwenden. Das nachfolgende Muster enth\u00e4lt daher zus\u00e4tzliche Hinweise, die Sie beachten m\u00fcssen und rote Passagen, die Sie besonders pr\u00fcfen und ggf. anpassen m\u00fcssen. Bitte entfernen Sie die Hinweise nach der Bearbeitung. Lassen Sie sich im Zweifel rechtlich beraten. Urheberrecht: Sie d\u00fcrfen das Muster solange innerhalb der Domain\/Website nutzen, solange f\u00fcr diese auch Ihre Marketpress-Lizenz gilt. Weitergabe an Dritte, auch an Kunden (z.B. als Entwickler) ist nicht erlaubt.<\/strong>\r\n\r\n<strong>Bitte beachten Sie, dass die Versandkosten oder zumindest die Berechnungsmethoden (z.B. nach Gewicht) f\u00fcr alle belieferten L\u00e4nder angegeben werden sollen.<\/strong>\r\n\r\n<strong>Wenn Sie nur in bestimmte L\u00e4nder liefern, m\u00fcssen Sie dies den Kunden mitteilen. Zudem sollten Sie in den Einstellungen von WooCommerce nur diese L\u00e4nder als \"Erlaubte L\u00e4nder\" ausw\u00e4hlen. Klauseln wie \"Versandkosten in andere L\u00e4nder nur auf Anfrage\" sollten Sie nicht verwenden.<\/strong>\r\n\r\n<strong>Preise, Versandkosten und Lieferinformationen<\/strong>\r\n\r\nDie auf den Produktseiten genannten Preise enthalten die gesetzliche Mehrwertsteuer und sonstige Preisbestandteile.\r\n\r\nWir liefern nur innerhalb Deutschlands und \u00d6sterreichs.\r\n\r\nZus\u00e4tzlich zu den angegebenen Preisen berechnen wir f\u00fcr die Lieferung innerhalb Deutschlands und \u00d6sterreichs pauschal [6,90 Euro pro Bestellung]. Die Versandkosten werden Ihnen im Warenkorbsystem und auf der Bestellseite nochmals deutlich mitgeteilt.\r\n\r\nBei Zahlung per Nachnahme wird eine zus\u00e4tzliche Geb\u00fchr in H\u00f6he von [2,- Euro] f\u00e4llig, die der Zusteller vor Ort erhebt. [Weitere Steuern oder Kosten fallen nicht an.]\r\n\r\nF\u00fcr digitale Inhalte (E-Books, Software, etc.) fallen keine Versandkosten an.\r\n\r\n<strong>[Hinweis an H\u00e4ndler: Der folgende Passus ist notwendig, wenn Sie eine Versandkostenpauschale angeben. Ansonsten k\u00f6nnen sie den Passus entfernen]<\/strong>\r\n\r\nDie Versandkostenpauschale betr\u00e4gt [Wert Versandkostenpauschale angeben] Euro. Die Versandkostenpauschale enth\u00e4lt die gesetzliche Mehrwertsteuer. Da die Mehrwertsteuer auf die Versandkostenpauschale abh\u00e4ngig von den erworbenen Waren berechnet wird, kann sie sich mindern, wenn Waren zu niedrigeren Umsatzsteuers\u00e4tzen erworben werden (z.B. bei Erwerb von B\u00fcchern). Das bedeutet, dass die Versandkostenpauschale erst im Rahmen des Bestellprozesses endg\u00fcltig berechnet werden kann. Sie kann dabei jedoch nicht h\u00f6her, sondern nur zu Ihren Gunsten niedriger werden.","_et_gb_content_width":"","content-type":"","footnotes":""},"class_list":["post-1680","page","type-page","status-publish","hentry"],"yoast_head":"<!-- This site is optimized with the Yoast SEO plugin v27.4 - https:\/\/yoast.com\/product\/yoast-seo-wordpress\/ -->\n<title>Shipping &amp; Delivery - ActiVet<\/title>\n<meta name=\"robots\" content=\"index, follow, max-snippet:-1, max-image-preview:large, max-video-preview:-1\" \/>\n<link rel=\"canonical\" href=\"https:\/\/duovet.shop\/en\/shipping-delivery\/\" \/>\n<meta property=\"og:locale\" content=\"en_US\" \/>\n<meta property=\"og:type\" content=\"article\" \/>\n<meta property=\"og:title\" content=\"Shipping &amp; Delivery - ActiVet\" \/>\n<meta property=\"og:description\" content=\"Prices, shipping costs and delivery information We deliver to the following countries: \u00a0 Standard shipping costs Austria 14,25 \u20ac Belarus 18,40 \u20ac Belgium 14,25 \u20ac Bosnia and Herzegovina 18,40 \u20ac Bulgaria 14,60 \u20ac China 37,80 \u20ac Croatia 14,60 \u20ac Czech republic 14,25 \u20ac Cyprus 14,60 \u20ac Denmark 14,25 \u20ac Finland 14,60 \u20ac France 14,25 \u20ac [&hellip;]\" \/>\n<meta property=\"og:url\" content=\"https:\/\/duovet.shop\/en\/shipping-delivery\/\" \/>\n<meta property=\"og:site_name\" content=\"ActiVet\" \/>\n<meta property=\"article:modified_time\" content=\"2025-09-25T13:24:05+00:00\" \/>\n<meta name=\"twitter:card\" content=\"summary_large_image\" \/>\n<meta name=\"twitter:label1\" content=\"Est. reading time\" \/>\n\t<meta name=\"twitter:data1\" content=\"1 minute\" \/>\n<script type=\"application\/ld+json\" class=\"yoast-schema-graph\">{\"@context\":\"https:\\\/\\\/schema.org\",\"@graph\":[{\"@type\":\"WebPage\",\"@id\":\"https:\\\/\\\/duovet.shop\\\/en\\\/shipping-delivery\\\/\",\"url\":\"https:\\\/\\\/duovet.shop\\\/en\\\/shipping-delivery\\\/\",\"name\":\"Shipping & Delivery - ActiVet\",\"isPartOf\":{\"@id\":\"https:\\\/\\\/duovet.shop\\\/en\\\/#website\"},\"datePublished\":\"2019-11-12T13:25:26+00:00\",\"dateModified\":\"2025-09-25T13:24:05+00:00\",\"breadcrumb\":{\"@id\":\"https:\\\/\\\/duovet.shop\\\/en\\\/shipping-delivery\\\/#breadcrumb\"},\"inLanguage\":\"en-US\",\"potentialAction\":[{\"@type\":\"ReadAction\",\"target\":[\"https:\\\/\\\/duovet.shop\\\/en\\\/shipping-delivery\\\/\"]}]},{\"@type\":\"BreadcrumbList\",\"@id\":\"https:\\\/\\\/duovet.shop\\\/en\\\/shipping-delivery\\\/#breadcrumb\",\"itemListElement\":[{\"@type\":\"ListItem\",\"position\":1,\"name\":\"Startseite\",\"item\":\"https:\\\/\\\/duovet.shop\\\/en\\\/\"},{\"@type\":\"ListItem\",\"position\":2,\"name\":\"Shipping &#038; Delivery\"}]},{\"@type\":\"WebSite\",\"@id\":\"https:\\\/\\\/duovet.shop\\\/en\\\/#website\",\"url\":\"https:\\\/\\\/duovet.shop\\\/en\\\/\",\"name\":\"ActiVet\",\"description\":\"Die Premium Fellpflege\",\"publisher\":{\"@id\":\"https:\\\/\\\/duovet.shop\\\/en\\\/#organization\"},\"potentialAction\":[{\"@type\":\"SearchAction\",\"target\":{\"@type\":\"EntryPoint\",\"urlTemplate\":\"https:\\\/\\\/duovet.shop\\\/en\\\/?s={search_term_string}\"},\"query-input\":{\"@type\":\"PropertyValueSpecification\",\"valueRequired\":true,\"valueName\":\"search_term_string\"}}],\"inLanguage\":\"en-US\"},{\"@type\":\"Organization\",\"@id\":\"https:\\\/\\\/duovet.shop\\\/en\\\/#organization\",\"name\":\"DuoVet - Die Pflege f\u00fcr Hunde, Katzen, Pferde\",\"url\":\"https:\\\/\\\/duovet.shop\\\/en\\\/\",\"logo\":{\"@type\":\"ImageObject\",\"inLanguage\":\"en-US\",\"@id\":\"https:\\\/\\\/duovet.shop\\\/en\\\/#\\\/schema\\\/logo\\\/image\\\/\",\"url\":\"https:\\\/\\\/duovet.shop\\\/wp-content\\\/uploads\\\/2021\\\/04\\\/DuoVet_Logo.svg\",\"contentUrl\":\"https:\\\/\\\/duovet.shop\\\/wp-content\\\/uploads\\\/2021\\\/04\\\/DuoVet_Logo.svg\",\"width\":429,\"height\":117,\"caption\":\"DuoVet - Die Pflege f\u00fcr Hunde, Katzen, Pferde\"},\"image\":{\"@id\":\"https:\\\/\\\/duovet.shop\\\/en\\\/#\\\/schema\\\/logo\\\/image\\\/\"}}]}<\/script>\n<!-- \/ Yoast SEO plugin. -->","yoast_head_json":{"title":"Shipping & Delivery - ActiVet","robots":{"index":"index","follow":"follow","max-snippet":"max-snippet:-1","max-image-preview":"max-image-preview:large","max-video-preview":"max-video-preview:-1"},"canonical":"https:\/\/duovet.shop\/en\/shipping-delivery\/","og_locale":"en_US","og_type":"article","og_title":"Shipping & Delivery - ActiVet","og_description":"Prices, shipping costs and delivery information We deliver to the following countries: \u00a0 Standard shipping costs Austria 14,25 \u20ac Belarus 18,40 \u20ac Belgium 14,25 \u20ac Bosnia and Herzegovina 18,40 \u20ac Bulgaria 14,60 \u20ac China 37,80 \u20ac Croatia 14,60 \u20ac Czech republic 14,25 \u20ac Cyprus 14,60 \u20ac Denmark 14,25 \u20ac Finland 14,60 \u20ac France 14,25 \u20ac [&hellip;]","og_url":"https:\/\/duovet.shop\/en\/shipping-delivery\/","og_site_name":"ActiVet","article_modified_time":"2025-09-25T13:24:05+00:00","twitter_card":"summary_large_image","twitter_misc":{"Est. reading time":"1 minute"},"schema":{"@context":"https:\/\/schema.org","@graph":[{"@type":"WebPage","@id":"https:\/\/duovet.shop\/en\/shipping-delivery\/","url":"https:\/\/duovet.shop\/en\/shipping-delivery\/","name":"Shipping & Delivery - ActiVet","isPartOf":{"@id":"https:\/\/duovet.shop\/en\/#website"},"datePublished":"2019-11-12T13:25:26+00:00","dateModified":"2025-09-25T13:24:05+00:00","breadcrumb":{"@id":"https:\/\/duovet.shop\/en\/shipping-delivery\/#breadcrumb"},"inLanguage":"en-US","potentialAction":[{"@type":"ReadAction","target":["https:\/\/duovet.shop\/en\/shipping-delivery\/"]}]},{"@type":"BreadcrumbList","@id":"https:\/\/duovet.shop\/en\/shipping-delivery\/#breadcrumb","itemListElement":[{"@type":"ListItem","position":1,"name":"Startseite","item":"https:\/\/duovet.shop\/en\/"},{"@type":"ListItem","position":2,"name":"Shipping &#038; Delivery"}]},{"@type":"WebSite","@id":"https:\/\/duovet.shop\/en\/#website","url":"https:\/\/duovet.shop\/en\/","name":"ActiVet","description":"Die Premium Fellpflege","publisher":{"@id":"https:\/\/duovet.shop\/en\/#organization"},"potentialAction":[{"@type":"SearchAction","target":{"@type":"EntryPoint","urlTemplate":"https:\/\/duovet.shop\/en\/?s={search_term_string}"},"query-input":{"@type":"PropertyValueSpecification","valueRequired":true,"valueName":"search_term_string"}}],"inLanguage":"en-US"},{"@type":"Organization","@id":"https:\/\/duovet.shop\/en\/#organization","name":"DuoVet - Die Pflege f\u00fcr Hunde, Katzen, Pferde","url":"https:\/\/duovet.shop\/en\/","logo":{"@type":"ImageObject","inLanguage":"en-US","@id":"https:\/\/duovet.shop\/en\/#\/schema\/logo\/image\/","url":"https:\/\/duovet.shop\/wp-content\/uploads\/2021\/04\/DuoVet_Logo.svg","contentUrl":"https:\/\/duovet.shop\/wp-content\/uploads\/2021\/04\/DuoVet_Logo.svg","width":429,"height":117,"caption":"DuoVet - Die Pflege f\u00fcr Hunde, Katzen, Pferde"},"image":{"@id":"https:\/\/duovet.shop\/en\/#\/schema\/logo\/image\/"}}]}},"_links":{"self":[{"href":"https:\/\/duovet.shop\/en\/wp-json\/wp\/v2\/pages\/1680","targetHints":{"allow":["GET"]}}],"collection":[{"href":"https:\/\/duovet.shop\/en\/wp-json\/wp\/v2\/pages"}],"about":[{"href":"https:\/\/duovet.shop\/en\/wp-json\/wp\/v2\/types\/page"}],"author":[{"embeddable":true,"href":"https:\/\/duovet.shop\/en\/wp-json\/wp\/v2\/users\/3"}],"replies":[{"embeddable":true,"href":"https:\/\/duovet.shop\/en\/wp-json\/wp\/v2\/comments?post=1680"}],"version-history":[{"count":11,"href":"https:\/\/duovet.shop\/en\/wp-json\/wp\/v2\/pages\/1680\/revisions"}],"predecessor-version":[{"id":11769,"href":"https:\/\/duovet.shop\/en\/wp-json\/wp\/v2\/pages\/1680\/revisions\/11769"}],"wp:attachment":[{"href":"https:\/\/duovet.shop\/en\/wp-json\/wp\/v2\/media?parent=1680"}],"curies":[{"name":"wp","href":"https:\/\/api.w.org\/{rel}","templated":true}]}}