{"id":1675,"date":"2019-11-12T14:25:27","date_gmt":"2019-11-12T13:25:27","guid":{"rendered":"https:\/\/duovet.shop\/zahlungsweisen\/"},"modified":"2023-11-23T17:54:01","modified_gmt":"2023-11-23T16:54:01","slug":"payment-methods","status":"publish","type":"page","link":"https:\/\/duovet.shop\/en\/payment-methods\/","title":{"rendered":"Payment methods"},"content":{"rendered":"<p>[et_pb_section fb_built=&#8221;1&#8243; _builder_version=&#8221;4.16&#8243; custom_padding=&#8221;0px||||false|false&#8221; global_colors_info=&#8221;{}&#8221;][et_pb_row _builder_version=&#8221;4.16&#8243; background_size=&#8221;initial&#8221; background_position=&#8221;top_left&#8221; background_repeat=&#8221;repeat&#8221; global_colors_info=&#8221;{}&#8221;][et_pb_column type=&#8221;4_4&#8243; _builder_version=&#8221;4.16&#8243; custom_padding=&#8221;|||&#8221; global_colors_info=&#8221;{}&#8221; custom_padding__hover=&#8221;|||&#8221;][et_pb_text _builder_version=&#8221;4.23.1&#8243; background_size=&#8221;initial&#8221; background_position=&#8221;top_left&#8221; background_repeat=&#8221;repeat&#8221; hover_enabled=&#8221;0&#8243; global_colors_info=&#8221;{}&#8221; sticky_enabled=&#8221;0&#8243;]<\/p>\n<p>We offer the following payment methods. Simply choose the payment method that suits you best. The prices listed in the respective offers are final prices. They include all price components including any applicable taxes such as VAT. The delivery and shipping costs incurred are not included in the purchase price, they can be called up via the &#8220;Shipping costs&#8221; page, are shown separately during the ordering process and are to be borne by you in addition.<\/p>\n<p><strong>PayPal<\/strong><\/p>\n<p>Pay even faster and more securely with your PayPal account. The following payment methods are processed via the provider PayPal: Payment by PayPal, payment by bank transfer with Sofort, payment by SEPA direct debit, PayPal pay later, GiroPay and payment by credit card.<\/p>\n<p>[\/et_pb_text][\/et_pb_column][\/et_pb_row][\/et_pb_section]<\/p>\n","protected":false},"excerpt":{"rendered":"<p>We offer the following payment methods. Simply choose the payment method that suits you best. The prices listed in the respective offers are final prices. They include all price components including any applicable taxes such as VAT. The delivery and shipping costs incurred are not included in the purchase price, they can be called up [&hellip;]<\/p>\n","protected":false},"author":3,"featured_media":0,"parent":0,"menu_order":0,"comment_status":"closed","ping_status":"closed","template":"","meta":{"_et_pb_use_builder":"on","_et_pb_old_content":"<strong>Haftungshinweis: Das nachstehende Muster ist von einem Rechtsanwalt (<a href=\"https:\/\/drschwenke.de\" rel=\"nofollow\">https:\/\/drschwenke.de<\/a>) entsprechend den typischen Anforderungen eines Onlineshops erstellt worden.\u00a0Jedoch sollten Sie das Muster nur\u00a0nach sorgf\u00e4ltiger Pr\u00fcfung und Anpassung auf Ihr konkretes Gesch\u00e4ftsmodell verwenden. Das nachfolgende Muster enth\u00e4lt daher zus\u00e4tzliche Hinweise, die Sie beachten m\u00fcssen und rote Passagen, die Sie besonders pr\u00fcfen und ggf. anpassen m\u00fcssen. Bitte entfernen Sie die Hinweise nach der Bearbeitung. Lassen Sie sich im Zweifel rechtlich beraten. Urheberrecht: Sie d\u00fcrfen das Muster solange innerhalb der Domain\/Website nutzen, solange f\u00fcr diese auch Ihre Marketpress-Lizenz gilt. Weitergabe an Dritte, auch an Kunden (z.B. als Entwickler) ist nicht erlaubt.<\/strong>\r\n\r\n<strong>Zahlungsarten<\/strong>\r\n\r\nWir bieten Ihnen folgende Zahlungsarten an. Suchen Sie sich einfach die f\u00fcr Sie optimale Zahlart aus. Die Versandkosten sind teilweise abh\u00e4ngig von der gew\u00e4hlten Zahlungsart. Die in den jeweiligen Angeboten angef\u00fchrten Preise stellen Endpreise dar. Sie beinhalten alle Preisbestandteile einschlie\u00dflich etwaig anfallender Steuern wie Mehrwertsteuer. Nur bei grenz\u00fcberschreitender Lieferung k\u00f6nnen im Einzelfall weitere Steuern (z.B. im Falle eines innergemeinschaftlichen Erwerbs) und\/oder Abgaben (z.B. Z\u00f6lle) von Ihnen zu zahlen sein, jedoch nicht an den Verk\u00e4ufer, sondern an die dort zust\u00e4ndigen Zoll- bzw. Steuerbeh\u00f6rden. Die anfallenden Liefer- und Versandkosten sind nicht im Kaufpreis enthalten, sie sind \u00fcber die Seite \u201eVersandkosten\u201c aufrufbar, werden im Laufe des Bestellvorganges gesondert ausgewiesen und sind von Ihnen zus\u00e4tzlich zu tragen.\r\n\r\n<em>Nachnahme<\/em>\r\n\r\nBitte halten Sie den Rechnungsbetrag bereit; der Zusteller kassiert bei Lieferung in bar (keine Schecks). Bei Nachnahme fallen zus\u00e4tzlich [6,50 EUR Nachnahmegeb\u00fchren] an, die direkt an den Paketzusteller zu entrichten sind.\r\n\r\n<em>Lastschrift<\/em>\r\n\r\nWir ziehen den Rechnungsbetrag Ihrer Bestellung von Ihrem hinterlegten Bankkonto nach der get\u00e4tigten Bestellung ein. [Plus 2 Euro Geb\u00fchr]\r\n\r\n<em>Auf Rechnung<\/em>\r\nEinfach bestellen und im Anschlu\u00df erst bezahlen. [Plus 2 Euro Geb\u00fchr]\r\n\r\n<em>Kreditkarte<\/em>\r\n\r\nZahlen Sie ganz einfach per Kreditkarte.\r\n\r\n<em>PayPal<\/em>\r\n\r\nNoch schneller und sicherer bezahlen mit ihrem PayPal-Konto.\r\n\r\n<em>Vorkasse<\/em>\r\n\r\nKostenloser Versand innerhalb Deutschlands (Au\u00dfer Express-Versand)\r\n\r\nBitte \u00fcberweisen Sie den Gesamtbetrag Ihrer Bestellung auf unser Konto:\r\n\r\nKontoinhaber: Demoshop GmbH & Co.KG\r\nKontonummer: 10000000\r\nBLZ: 222 22 222\r\nKreditinstitut: Bank Demostadt\r\nSWIFT: DELE944834\r\nIBAN: DE12345678910111213\r\n\r\n<em>Barzahlung<\/em>\r\n\r\nBestellen Sie online und holen Sie Ihre Bestellung bei uns im Laden einfach ab:\r\n\r\nDemoshop, Demostra\u00dfe 13\r\n12345 Musterstadt, Deutschland\r\nMo \u2013 Fr 8:30 \u2013 13:00, 14:30 \u2013 18:00\r\nSa 9:00 \u2013 13:00","_et_gb_content_width":"","content-type":"","footnotes":""},"class_list":["post-1675","page","type-page","status-publish","hentry"],"yoast_head":"<!-- This site is optimized with the Yoast SEO plugin v27.3 - https:\/\/yoast.com\/product\/yoast-seo-wordpress\/ -->\n<title>Payment methods - ActiVet<\/title>\n<meta name=\"robots\" content=\"index, follow, max-snippet:-1, max-image-preview:large, max-video-preview:-1\" \/>\n<link rel=\"canonical\" href=\"https:\/\/duovet.shop\/en\/payment-methods\/\" \/>\n<meta property=\"og:locale\" content=\"en_US\" \/>\n<meta property=\"og:type\" content=\"article\" \/>\n<meta property=\"og:title\" content=\"Payment methods - ActiVet\" \/>\n<meta property=\"og:description\" content=\"We offer the following payment methods. Simply choose the payment method that suits you best. The prices listed in the respective offers are final prices. They include all price components including any applicable taxes such as VAT. The delivery and shipping costs incurred are not included in the purchase price, they can be called up [&hellip;]\" \/>\n<meta property=\"og:url\" content=\"https:\/\/duovet.shop\/en\/payment-methods\/\" \/>\n<meta property=\"og:site_name\" content=\"ActiVet\" \/>\n<meta property=\"article:modified_time\" content=\"2023-11-23T16:54:01+00:00\" \/>\n<meta name=\"twitter:card\" content=\"summary_large_image\" \/>\n<meta name=\"twitter:label1\" content=\"Est. reading time\" \/>\n\t<meta name=\"twitter:data1\" content=\"1 minute\" \/>\n<script type=\"application\/ld+json\" class=\"yoast-schema-graph\">{\"@context\":\"https:\\\/\\\/schema.org\",\"@graph\":[{\"@type\":\"WebPage\",\"@id\":\"https:\\\/\\\/duovet.shop\\\/en\\\/payment-methods\\\/\",\"url\":\"https:\\\/\\\/duovet.shop\\\/en\\\/payment-methods\\\/\",\"name\":\"Payment methods - ActiVet\",\"isPartOf\":{\"@id\":\"https:\\\/\\\/duovet.shop\\\/en\\\/#website\"},\"datePublished\":\"2019-11-12T13:25:27+00:00\",\"dateModified\":\"2023-11-23T16:54:01+00:00\",\"breadcrumb\":{\"@id\":\"https:\\\/\\\/duovet.shop\\\/en\\\/payment-methods\\\/#breadcrumb\"},\"inLanguage\":\"en-US\",\"potentialAction\":[{\"@type\":\"ReadAction\",\"target\":[\"https:\\\/\\\/duovet.shop\\\/en\\\/payment-methods\\\/\"]}]},{\"@type\":\"BreadcrumbList\",\"@id\":\"https:\\\/\\\/duovet.shop\\\/en\\\/payment-methods\\\/#breadcrumb\",\"itemListElement\":[{\"@type\":\"ListItem\",\"position\":1,\"name\":\"Startseite\",\"item\":\"https:\\\/\\\/duovet.shop\\\/en\\\/\"},{\"@type\":\"ListItem\",\"position\":2,\"name\":\"Payment methods\"}]},{\"@type\":\"WebSite\",\"@id\":\"https:\\\/\\\/duovet.shop\\\/en\\\/#website\",\"url\":\"https:\\\/\\\/duovet.shop\\\/en\\\/\",\"name\":\"ActiVet\",\"description\":\"Die Premium Fellpflege\",\"publisher\":{\"@id\":\"https:\\\/\\\/duovet.shop\\\/en\\\/#organization\"},\"potentialAction\":[{\"@type\":\"SearchAction\",\"target\":{\"@type\":\"EntryPoint\",\"urlTemplate\":\"https:\\\/\\\/duovet.shop\\\/en\\\/?s={search_term_string}\"},\"query-input\":{\"@type\":\"PropertyValueSpecification\",\"valueRequired\":true,\"valueName\":\"search_term_string\"}}],\"inLanguage\":\"en-US\"},{\"@type\":\"Organization\",\"@id\":\"https:\\\/\\\/duovet.shop\\\/en\\\/#organization\",\"name\":\"DuoVet - Die Pflege f\u00fcr Hunde, Katzen, Pferde\",\"url\":\"https:\\\/\\\/duovet.shop\\\/en\\\/\",\"logo\":{\"@type\":\"ImageObject\",\"inLanguage\":\"en-US\",\"@id\":\"https:\\\/\\\/duovet.shop\\\/en\\\/#\\\/schema\\\/logo\\\/image\\\/\",\"url\":\"https:\\\/\\\/duovet.shop\\\/wp-content\\\/uploads\\\/2021\\\/04\\\/DuoVet_Logo.svg\",\"contentUrl\":\"https:\\\/\\\/duovet.shop\\\/wp-content\\\/uploads\\\/2021\\\/04\\\/DuoVet_Logo.svg\",\"width\":429,\"height\":117,\"caption\":\"DuoVet - Die Pflege f\u00fcr Hunde, Katzen, Pferde\"},\"image\":{\"@id\":\"https:\\\/\\\/duovet.shop\\\/en\\\/#\\\/schema\\\/logo\\\/image\\\/\"}}]}<\/script>\n<!-- \/ Yoast SEO plugin. -->","yoast_head_json":{"title":"Payment methods - ActiVet","robots":{"index":"index","follow":"follow","max-snippet":"max-snippet:-1","max-image-preview":"max-image-preview:large","max-video-preview":"max-video-preview:-1"},"canonical":"https:\/\/duovet.shop\/en\/payment-methods\/","og_locale":"en_US","og_type":"article","og_title":"Payment methods - ActiVet","og_description":"We offer the following payment methods. Simply choose the payment method that suits you best. The prices listed in the respective offers are final prices. They include all price components including any applicable taxes such as VAT. The delivery and shipping costs incurred are not included in the purchase price, they can be called up [&hellip;]","og_url":"https:\/\/duovet.shop\/en\/payment-methods\/","og_site_name":"ActiVet","article_modified_time":"2023-11-23T16:54:01+00:00","twitter_card":"summary_large_image","twitter_misc":{"Est. reading time":"1 minute"},"schema":{"@context":"https:\/\/schema.org","@graph":[{"@type":"WebPage","@id":"https:\/\/duovet.shop\/en\/payment-methods\/","url":"https:\/\/duovet.shop\/en\/payment-methods\/","name":"Payment methods - ActiVet","isPartOf":{"@id":"https:\/\/duovet.shop\/en\/#website"},"datePublished":"2019-11-12T13:25:27+00:00","dateModified":"2023-11-23T16:54:01+00:00","breadcrumb":{"@id":"https:\/\/duovet.shop\/en\/payment-methods\/#breadcrumb"},"inLanguage":"en-US","potentialAction":[{"@type":"ReadAction","target":["https:\/\/duovet.shop\/en\/payment-methods\/"]}]},{"@type":"BreadcrumbList","@id":"https:\/\/duovet.shop\/en\/payment-methods\/#breadcrumb","itemListElement":[{"@type":"ListItem","position":1,"name":"Startseite","item":"https:\/\/duovet.shop\/en\/"},{"@type":"ListItem","position":2,"name":"Payment methods"}]},{"@type":"WebSite","@id":"https:\/\/duovet.shop\/en\/#website","url":"https:\/\/duovet.shop\/en\/","name":"ActiVet","description":"Die Premium Fellpflege","publisher":{"@id":"https:\/\/duovet.shop\/en\/#organization"},"potentialAction":[{"@type":"SearchAction","target":{"@type":"EntryPoint","urlTemplate":"https:\/\/duovet.shop\/en\/?s={search_term_string}"},"query-input":{"@type":"PropertyValueSpecification","valueRequired":true,"valueName":"search_term_string"}}],"inLanguage":"en-US"},{"@type":"Organization","@id":"https:\/\/duovet.shop\/en\/#organization","name":"DuoVet - Die Pflege f\u00fcr Hunde, Katzen, Pferde","url":"https:\/\/duovet.shop\/en\/","logo":{"@type":"ImageObject","inLanguage":"en-US","@id":"https:\/\/duovet.shop\/en\/#\/schema\/logo\/image\/","url":"https:\/\/duovet.shop\/wp-content\/uploads\/2021\/04\/DuoVet_Logo.svg","contentUrl":"https:\/\/duovet.shop\/wp-content\/uploads\/2021\/04\/DuoVet_Logo.svg","width":429,"height":117,"caption":"DuoVet - Die Pflege f\u00fcr Hunde, Katzen, Pferde"},"image":{"@id":"https:\/\/duovet.shop\/en\/#\/schema\/logo\/image\/"}}]}},"_links":{"self":[{"href":"https:\/\/duovet.shop\/en\/wp-json\/wp\/v2\/pages\/1675","targetHints":{"allow":["GET"]}}],"collection":[{"href":"https:\/\/duovet.shop\/en\/wp-json\/wp\/v2\/pages"}],"about":[{"href":"https:\/\/duovet.shop\/en\/wp-json\/wp\/v2\/types\/page"}],"author":[{"embeddable":true,"href":"https:\/\/duovet.shop\/en\/wp-json\/wp\/v2\/users\/3"}],"replies":[{"embeddable":true,"href":"https:\/\/duovet.shop\/en\/wp-json\/wp\/v2\/comments?post=1675"}],"version-history":[{"count":8,"href":"https:\/\/duovet.shop\/en\/wp-json\/wp\/v2\/pages\/1675\/revisions"}],"predecessor-version":[{"id":8120,"href":"https:\/\/duovet.shop\/en\/wp-json\/wp\/v2\/pages\/1675\/revisions\/8120"}],"wp:attachment":[{"href":"https:\/\/duovet.shop\/en\/wp-json\/wp\/v2\/media?parent=1675"}],"curies":[{"name":"wp","href":"https:\/\/api.w.org\/{rel}","templated":true}]}}